{"id":2039,"date":"2016-06-11T14:25:44","date_gmt":"2016-06-11T14:25:44","guid":{"rendered":"http:\/\/demo.goodlayers.com\/infinite\/?page_id=2039"},"modified":"2021-01-15T14:55:48","modified_gmt":"2021-01-15T12:55:48","slug":"strona-domowa","status":"publish","type":"page","link":"https:\/\/fusio.pro\/en\/","title":{"rendered":"Elektryka, automatyka, zabezpieczenia, integracja &#8211; Szczecin"},"content":{"rendered":"","protected":false},"excerpt":{"rendered":"","protected":false},"author":1,"featured_media":0,"parent":0,"menu_order":0,"comment_status":"closed","ping_status":"closed","template":"","meta":{"footnotes":""},"yoast_head":"<!-- This site is optimized with the Yoast SEO plugin v22.5 - https:\/\/yoast.com\/wordpress\/plugins\/seo\/ -->\n<title>Elektryka, automatyka, zabezpieczenia, integracja - Szczecin &#8211; fusio.pro<\/title>\n<meta name=\"description\" content=\"Inteligentne instalacje (smart home), zabezpieczenia (alarmy, monitoring) i integracja system\u00f3w - Szczecin. FUSIO, to po\u0142\u0105czenie, a .PRO, to pro!\" \/>\n<meta name=\"robots\" content=\"index, follow, max-snippet:-1, max-image-preview:large, max-video-preview:-1\" \/>\n<link rel=\"canonical\" href=\"https:\/\/fusio.pro\/en\/\" \/>\n<meta property=\"og:locale\" content=\"en_GB\" \/>\n<meta property=\"og:type\" content=\"article\" \/>\n<meta property=\"og:title\" content=\"Elektryka, automatyka, zabezpieczenia, integracja - Szczecin &#8211; fusio.pro\" \/>\n<meta property=\"og:description\" content=\"Inteligentne instalacje (smart home), zabezpieczenia (alarmy, monitoring) i integracja system\u00f3w - Szczecin. FUSIO, to po\u0142\u0105czenie, a .PRO, to pro!\" \/>\n<meta property=\"og:url\" content=\"https:\/\/fusio.pro\/en\/\" \/>\n<meta property=\"og:site_name\" content=\"fusio.pro\" \/>\n<meta property=\"article:publisher\" content=\"https:\/\/www.facebook.com\/FusioPro\" \/>\n<meta property=\"article:modified_time\" content=\"2021-01-15T12:55:48+00:00\" \/>\n<meta name=\"twitter:card\" content=\"summary_large_image\" \/>\n<script type=\"application\/ld+json\" class=\"yoast-schema-graph\">{\"@context\":\"https:\/\/schema.org\",\"@graph\":[{\"@type\":\"WebPage\",\"@id\":\"https:\/\/fusio.pro\/en\/\",\"url\":\"https:\/\/fusio.pro\/en\/\",\"name\":\"Elektryka, automatyka, zabezpieczenia, integracja - Szczecin &#8211; fusio.pro\",\"isPartOf\":{\"@id\":\"http:\/\/fusio.pro\/en\/#website\"},\"datePublished\":\"2016-06-11T14:25:44+00:00\",\"dateModified\":\"2021-01-15T12:55:48+00:00\",\"description\":\"Inteligentne instalacje (smart home), zabezpieczenia (alarmy, monitoring) i integracja system\u00f3w - Szczecin. FUSIO, to po\u0142\u0105czenie, a .PRO, to pro!\",\"breadcrumb\":{\"@id\":\"https:\/\/fusio.pro\/en\/#breadcrumb\"},\"inLanguage\":\"en-GB\",\"potentialAction\":[{\"@type\":\"ReadAction\",\"target\":[\"https:\/\/fusio.pro\/en\/\"]}]},{\"@type\":\"BreadcrumbList\",\"@id\":\"https:\/\/fusio.pro\/en\/#breadcrumb\",\"itemListElement\":[{\"@type\":\"ListItem\",\"position\":1,\"name\":\"Strona g\u0142\u00f3wna\",\"item\":\"https:\/\/fusio.pro\/en\/\"},{\"@type\":\"ListItem\",\"position\":2,\"name\":\"Elektryka, automatyka, zabezpieczenia, integracja &#8211; Szczecin\"}]},{\"@type\":\"WebSite\",\"@id\":\"http:\/\/fusio.pro\/en\/#website\",\"url\":\"http:\/\/fusio.pro\/en\/\",\"name\":\"fusio.pro\",\"description\":\"Elektryka, automatyka domowa, zabezpieczenia elektroniczne i integracja system\u00f3w - Szczecin\",\"publisher\":{\"@id\":\"http:\/\/fusio.pro\/en\/#organization\"},\"potentialAction\":[{\"@type\":\"SearchAction\",\"target\":{\"@type\":\"EntryPoint\",\"urlTemplate\":\"http:\/\/fusio.pro\/en\/?s={search_term_string}\"},\"query-input\":\"required name=search_term_string\"}],\"inLanguage\":\"en-GB\"},{\"@type\":\"Organization\",\"@id\":\"http:\/\/fusio.pro\/en\/#organization\",\"name\":\"fusio.pro Adam Felsztukier\",\"url\":\"http:\/\/fusio.pro\/en\/\",\"logo\":{\"@type\":\"ImageObject\",\"inLanguage\":\"en-GB\",\"@id\":\"http:\/\/fusio.pro\/en\/#\/schema\/logo\/image\/\",\"url\":\"https:\/\/fusio.pro\/wp-content\/uploads\/2020\/09\/onoff_type_800.png\",\"contentUrl\":\"https:\/\/fusio.pro\/wp-content\/uploads\/2020\/09\/onoff_type_800.png\",\"width\":800,\"height\":800,\"caption\":\"fusio.pro Adam Felsztukier\"},\"image\":{\"@id\":\"http:\/\/fusio.pro\/en\/#\/schema\/logo\/image\/\"},\"sameAs\":[\"https:\/\/www.facebook.com\/FusioPro\",\"https:\/\/www.instagram.com\/fusio.pro\/\",\"https:\/\/www.linkedin.com\/in\/adam-felsztukier-58001912b\/\"]}]}<\/script>\n<!-- \/ Yoast SEO plugin. -->","yoast_head_json":{"title":"Elektryka, automatyka, zabezpieczenia, integracja - Szczecin &#8211; fusio.pro","description":"Inteligentne instalacje (smart home), zabezpieczenia (alarmy, monitoring) i integracja system\u00f3w - Szczecin. FUSIO, to po\u0142\u0105czenie, a .PRO, to pro!","robots":{"index":"index","follow":"follow","max-snippet":"max-snippet:-1","max-image-preview":"max-image-preview:large","max-video-preview":"max-video-preview:-1"},"canonical":"https:\/\/fusio.pro\/en\/","og_locale":"en_GB","og_type":"article","og_title":"Elektryka, automatyka, zabezpieczenia, integracja - Szczecin &#8211; fusio.pro","og_description":"Inteligentne instalacje (smart home), zabezpieczenia (alarmy, monitoring) i integracja system\u00f3w - Szczecin. FUSIO, to po\u0142\u0105czenie, a .PRO, to pro!","og_url":"https:\/\/fusio.pro\/en\/","og_site_name":"fusio.pro","article_publisher":"https:\/\/www.facebook.com\/FusioPro","article_modified_time":"2021-01-15T12:55:48+00:00","twitter_card":"summary_large_image","schema":{"@context":"https:\/\/schema.org","@graph":[{"@type":"WebPage","@id":"https:\/\/fusio.pro\/en\/","url":"https:\/\/fusio.pro\/en\/","name":"Elektryka, automatyka, zabezpieczenia, integracja - Szczecin &#8211; fusio.pro","isPartOf":{"@id":"http:\/\/fusio.pro\/en\/#website"},"datePublished":"2016-06-11T14:25:44+00:00","dateModified":"2021-01-15T12:55:48+00:00","description":"Inteligentne instalacje (smart home), zabezpieczenia (alarmy, monitoring) i integracja system\u00f3w - Szczecin. FUSIO, to po\u0142\u0105czenie, a .PRO, to pro!","breadcrumb":{"@id":"https:\/\/fusio.pro\/en\/#breadcrumb"},"inLanguage":"en-GB","potentialAction":[{"@type":"ReadAction","target":["https:\/\/fusio.pro\/en\/"]}]},{"@type":"BreadcrumbList","@id":"https:\/\/fusio.pro\/en\/#breadcrumb","itemListElement":[{"@type":"ListItem","position":1,"name":"Strona g\u0142\u00f3wna","item":"https:\/\/fusio.pro\/en\/"},{"@type":"ListItem","position":2,"name":"Elektryka, automatyka, zabezpieczenia, integracja &#8211; Szczecin"}]},{"@type":"WebSite","@id":"http:\/\/fusio.pro\/en\/#website","url":"http:\/\/fusio.pro\/en\/","name":"fusio.pro","description":"Elektryka, automatyka domowa, zabezpieczenia elektroniczne i integracja system\u00f3w - Szczecin","publisher":{"@id":"http:\/\/fusio.pro\/en\/#organization"},"potentialAction":[{"@type":"SearchAction","target":{"@type":"EntryPoint","urlTemplate":"http:\/\/fusio.pro\/en\/?s={search_term_string}"},"query-input":"required name=search_term_string"}],"inLanguage":"en-GB"},{"@type":"Organization","@id":"http:\/\/fusio.pro\/en\/#organization","name":"fusio.pro Adam Felsztukier","url":"http:\/\/fusio.pro\/en\/","logo":{"@type":"ImageObject","inLanguage":"en-GB","@id":"http:\/\/fusio.pro\/en\/#\/schema\/logo\/image\/","url":"https:\/\/fusio.pro\/wp-content\/uploads\/2020\/09\/onoff_type_800.png","contentUrl":"https:\/\/fusio.pro\/wp-content\/uploads\/2020\/09\/onoff_type_800.png","width":800,"height":800,"caption":"fusio.pro Adam Felsztukier"},"image":{"@id":"http:\/\/fusio.pro\/en\/#\/schema\/logo\/image\/"},"sameAs":["https:\/\/www.facebook.com\/FusioPro","https:\/\/www.instagram.com\/fusio.pro\/","https:\/\/www.linkedin.com\/in\/adam-felsztukier-58001912b\/"]}]}},"_links":{"self":[{"href":"https:\/\/fusio.pro\/en\/wp-json\/wp\/v2\/pages\/2039"}],"collection":[{"href":"https:\/\/fusio.pro\/en\/wp-json\/wp\/v2\/pages"}],"about":[{"href":"https:\/\/fusio.pro\/en\/wp-json\/wp\/v2\/types\/page"}],"author":[{"embeddable":true,"href":"https:\/\/fusio.pro\/en\/wp-json\/wp\/v2\/users\/1"}],"replies":[{"embeddable":true,"href":"https:\/\/fusio.pro\/en\/wp-json\/wp\/v2\/comments?post=2039"}],"version-history":[{"count":5,"href":"https:\/\/fusio.pro\/en\/wp-json\/wp\/v2\/pages\/2039\/revisions"}],"predecessor-version":[{"id":3327,"href":"https:\/\/fusio.pro\/en\/wp-json\/wp\/v2\/pages\/2039\/revisions\/3327"}],"wp:attachment":[{"href":"https:\/\/fusio.pro\/en\/wp-json\/wp\/v2\/media?parent=2039"}],"curies":[{"name":"wp","href":"https:\/\/api.w.org\/{rel}","templated":true}]}}